{"id":204,"date":"2023-10-19T11:35:25","date_gmt":"2023-10-19T14:35:25","guid":{"rendered":"https:\/\/bsgsolucoes.com.br\/?page_id=204"},"modified":"2023-10-24T16:56:16","modified_gmt":"2023-10-24T19:56:16","slug":"confeccao-de-tubulacoes-industriais","status":"publish","type":"page","link":"https:\/\/bsgsolucoes.com.br\/?page_id=204","title":{"rendered":"Servi\u00e7o &#8211; Confec\u00e7\u00e3o de Tubula\u00e7\u00f5es Industriais"},"content":{"rendered":"\t\t<div data-elementor-type=\"wp-page\" data-elementor-id=\"204\" class=\"elementor elementor-204\">\n\t\t\t\t\t\t\t<div class=\"elementor-element elementor-element-4730459 e-flex e-con-boxed e-con e-parent\" data-id=\"4730459\" data-element_type=\"container\" data-settings=\"{&quot;background_background&quot;:&quot;classic&quot;,&quot;content_width&quot;:&quot;boxed&quot;}\" data-core-v316-plus=\"true\">\n\t\t\t\t\t<div class=\"e-con-inner\">\n\t\t\t\t\t<\/div>\n\t\t\t\t<\/div>\n\t\t<div class=\"elementor-element elementor-element-791d8dc e-flex e-con-boxed e-con e-parent\" data-id=\"791d8dc\" data-element_type=\"container\" data-settings=\"{&quot;background_background&quot;:&quot;classic&quot;,&quot;content_width&quot;:&quot;boxed&quot;}\" data-core-v316-plus=\"true\">\n\t\t\t\t\t<div class=\"e-con-inner\">\n\t\t<div class=\"elementor-element elementor-element-787a4cb e-con-full e-flex e-con e-child\" data-id=\"787a4cb\" data-element_type=\"container\" data-settings=\"{&quot;content_width&quot;:&quot;full&quot;}\">\n\t\t\t\t<div class=\"elementor-element elementor-element-cbfd78f elementor-widget elementor-widget-image\" data-id=\"cbfd78f\" data-element_type=\"widget\" data-widget_type=\"image.default\">\n\t\t\t\t<div class=\"elementor-widget-container\">\n\t\t\t<style>\/*! elementor - v3.16.0 - 17-10-2023 *\/\n.elementor-widget-image{text-align:center}.elementor-widget-image a{display:inline-block}.elementor-widget-image a img[src$=\".svg\"]{width:48px}.elementor-widget-image img{vertical-align:middle;display:inline-block}<\/style>\t\t\t\t\t\t\t\t\t\t\t\t<img loading=\"lazy\" decoding=\"async\" width=\"488\" height=\"561\" src=\"https:\/\/bsgsolucoes.com.br\/wp-content\/uploads\/2023\/10\/tubulacoes.jpg\" class=\"attachment-large size-large wp-image-210\" alt=\"\" srcset=\"https:\/\/bsgsolucoes.com.br\/wp-content\/uploads\/2023\/10\/tubulacoes.jpg 488w, https:\/\/bsgsolucoes.com.br\/wp-content\/uploads\/2023\/10\/tubulacoes-261x300.jpg 261w\" sizes=\"auto, (max-width: 488px) 100vw, 488px\" \/>\t\t\t\t\t\t\t\t\t\t\t\t\t\t\t<\/div>\n\t\t\t\t<\/div>\n\t\t\t\t<\/div>\n\t\t<div class=\"elementor-element elementor-element-2b96dc5 e-con-full e-flex e-con e-child\" data-id=\"2b96dc5\" data-element_type=\"container\" data-settings=\"{&quot;content_width&quot;:&quot;full&quot;}\">\n\t\t\t\t<div class=\"elementor-element elementor-element-174cb86 elementor-invisible elementor-widget elementor-widget-heading\" data-id=\"174cb86\" data-element_type=\"widget\" data-settings=\"{&quot;_animation&quot;:&quot;slideInDown&quot;}\" data-widget_type=\"heading.default\">\n\t\t\t\t<div class=\"elementor-widget-container\">\n\t\t\t<style>\/*! elementor - v3.16.0 - 17-10-2023 *\/\n.elementor-heading-title{padding:0;margin:0;line-height:1}.elementor-widget-heading .elementor-heading-title[class*=elementor-size-]>a{color:inherit;font-size:inherit;line-height:inherit}.elementor-widget-heading .elementor-heading-title.elementor-size-small{font-size:15px}.elementor-widget-heading .elementor-heading-title.elementor-size-medium{font-size:19px}.elementor-widget-heading .elementor-heading-title.elementor-size-large{font-size:29px}.elementor-widget-heading .elementor-heading-title.elementor-size-xl{font-size:39px}.elementor-widget-heading .elementor-heading-title.elementor-size-xxl{font-size:59px}<\/style><h2 class=\"elementor-heading-title elementor-size-default\">CONFEC\u00c7\u00c3O DE TUBULA\u00c7\u00d5ES INDUSTRIAIS<\/h2>\t\t<\/div>\n\t\t\t\t<\/div>\n\t\t\t\t<div class=\"elementor-element elementor-element-dea529f elementor-invisible elementor-widget elementor-widget-text-editor\" data-id=\"dea529f\" data-element_type=\"widget\" data-settings=\"{&quot;_animation&quot;:&quot;slideInRight&quot;}\" data-widget_type=\"text-editor.default\">\n\t\t\t\t<div class=\"elementor-widget-container\">\n\t\t\t<style>\/*! elementor - v3.16.0 - 17-10-2023 *\/\n.elementor-widget-text-editor.elementor-drop-cap-view-stacked .elementor-drop-cap{background-color:#69727d;color:#fff}.elementor-widget-text-editor.elementor-drop-cap-view-framed .elementor-drop-cap{color:#69727d;border:3px solid;background-color:transparent}.elementor-widget-text-editor:not(.elementor-drop-cap-view-default) .elementor-drop-cap{margin-top:8px}.elementor-widget-text-editor:not(.elementor-drop-cap-view-default) .elementor-drop-cap-letter{width:1em;height:1em}.elementor-widget-text-editor .elementor-drop-cap{float:left;text-align:center;line-height:1;font-size:50px}.elementor-widget-text-editor .elementor-drop-cap-letter{display:inline-block}<\/style>\t\t\t\t<p>Trabalhamos com tubula\u00e7\u00f5es de hidrantes, vapor, condensado, \u00e1gua, ar comprimido ou produtos especiais como casing, flavor, cremes e demais. Somos <span class=\"laranja\">especializados<\/span> em servi\u00e7os com a\u00e7o carbono, galvanizado, inox schedule e OD.<\/p><p>Ainda falando de tubula\u00e7\u00f5es, contamos tamb\u00e9m com servi\u00e7os de isolamento t\u00e9rmico com alum\u00ednio liso ou corrugado.<\/p>\t\t\t\t\t\t<\/div>\n\t\t\t\t<\/div>\n\t\t\t\t<\/div>\n\t\t\t\t\t<\/div>\n\t\t\t\t<\/div>\n\t\t\t\t\t\t\t<\/div>\n\t\t","protected":false},"excerpt":{"rendered":"<p>CONFEC\u00c7\u00c3O DE TUBULA\u00c7\u00d5ES INDUSTRIAIS Trabalhamos com tubula\u00e7\u00f5es de hidrantes, vapor, condensado, \u00e1gua, ar comprimido ou produtos especiais como casing, flavor, cremes e demais. Somos especializados em servi\u00e7os com a\u00e7o carbono, galvanizado, inox schedule e OD. Ainda falando de tubula\u00e7\u00f5es, contamos tamb\u00e9m com servi\u00e7os de isolamento t\u00e9rmico com alum\u00ednio liso ou corrugado.<\/p>\n","protected":false},"author":1,"featured_media":0,"parent":0,"menu_order":0,"comment_status":"closed","ping_status":"closed","template":"","meta":{"site-sidebar-layout":"no-sidebar","site-content-layout":"","ast-site-content-layout":"full-width-container","site-content-style":"default","site-sidebar-style":"default","ast-global-header-display":"","ast-banner-title-visibility":"","ast-main-header-display":"","ast-hfb-above-header-display":"","ast-hfb-below-header-display":"","ast-hfb-mobile-header-display":"","site-post-title":"disabled","ast-breadcrumbs-content":"","ast-featured-img":"disabled","footer-sml-layout":"","theme-transparent-header-meta":"","adv-header-id-meta":"","stick-header-meta":"","header-above-stick-meta":"","header-main-stick-meta":"","header-below-stick-meta":"","astra-migrate-meta-layouts":"","_themeisle_gutenberg_block_has_review":false,"footnotes":""},"class_list":["post-204","page","type-page","status-publish","hentry"],"_links":{"self":[{"href":"https:\/\/bsgsolucoes.com.br\/index.php?rest_route=\/wp\/v2\/pages\/204","targetHints":{"allow":["GET"]}}],"collection":[{"href":"https:\/\/bsgsolucoes.com.br\/index.php?rest_route=\/wp\/v2\/pages"}],"about":[{"href":"https:\/\/bsgsolucoes.com.br\/index.php?rest_route=\/wp\/v2\/types\/page"}],"author":[{"embeddable":true,"href":"https:\/\/bsgsolucoes.com.br\/index.php?rest_route=\/wp\/v2\/users\/1"}],"replies":[{"embeddable":true,"href":"https:\/\/bsgsolucoes.com.br\/index.php?rest_route=%2Fwp%2Fv2%2Fcomments&post=204"}],"version-history":[{"count":29,"href":"https:\/\/bsgsolucoes.com.br\/index.php?rest_route=\/wp\/v2\/pages\/204\/revisions"}],"predecessor-version":[{"id":358,"href":"https:\/\/bsgsolucoes.com.br\/index.php?rest_route=\/wp\/v2\/pages\/204\/revisions\/358"}],"wp:attachment":[{"href":"https:\/\/bsgsolucoes.com.br\/index.php?rest_route=%2Fwp%2Fv2%2Fmedia&parent=204"}],"curies":[{"name":"wp","href":"https:\/\/api.w.org\/{rel}","templated":true}]}}